{"id":6240,"date":"2026-04-01T04:54:39","date_gmt":"2026-04-01T04:54:39","guid":{"rendered":"https:\/\/mgitaly.it\/?page_id=6240"},"modified":"2026-04-01T04:58:59","modified_gmt":"2026-04-01T04:58:59","slug":"dissipatori-lamellari-lamellheat","status":"publish","type":"page","link":"https:\/\/mgitaly.it\/en\/dissipatori-adaria\/dissipatori-lamellari-lamellheat\/","title":{"rendered":"LamellHeat lamellar heat sinks"},"content":{"rendered":"<style>.kb-row-layout-id6240_7ef7b5-c6 > .kt-row-column-wrap{align-content:start;}:where(.kb-row-layout-id6240_7ef7b5-c6 > .kt-row-column-wrap) > .wp-block-kadence-column{justify-content:start;}.kb-row-layout-id6240_7ef7b5-c6 > .kt-row-column-wrap{column-gap:var(--global-kb-gap-md, 2rem);row-gap:var(--global-kb-gap-md, 2rem);max-width:var( --global-content-width, 1340px );padding-left:var(--global-content-edge-padding);padding-right:var(--global-content-edge-padding);padding-top:180px;padding-bottom:60px;grid-template-columns:minmax(0, 1fr);}.kb-row-layout-id6240_7ef7b5-c6 > .kt-row-layout-overlay{opacity:0.18;background-image:url('https:\/\/mgitaly.it\/wp-content\/uploads\/2026\/04\/graphiterm-senza-sfondo.jpg');background-size:cover;background-position:51% 55.00000000000001%;background-attachment:scroll;background-repeat:no-repeat;mix-blend-mode:normal;}@media all and (max-width: 1024px){.kb-row-layout-id6240_7ef7b5-c6 > .kt-row-column-wrap{padding-top:160px;padding-bottom:40px;grid-template-columns:minmax(0, 1fr);}}@media all and (max-width: 767px){.kb-row-layout-id6240_7ef7b5-c6 > .kt-row-column-wrap{padding-top:160px;padding-right:20px;padding-bottom:30px;padding-left:20px;grid-template-columns:minmax(0, 1fr);}}<\/style><div class=\"kb-row-layout-wrap kb-row-layout-id6240_7ef7b5-c6 alignnone has-theme-palette3-background-color kt-row-has-bg wp-block-kadence-rowlayout\"><div class=\"kt-row-layout-overlay kt-row-overlay-normal\"><\/div><div class=\"kt-row-column-wrap kt-has-1-columns kt-row-layout-equal kt-tab-layout-inherit kt-mobile-layout-row kt-row-valign-top kb-theme-content-width\">\n<style>.kadence-column6240_679b72-6e > .kt-inside-inner-col,.kadence-column6240_679b72-6e > .kt-inside-inner-col:before{border-top-left-radius:0px;border-top-right-radius:0px;border-bottom-right-radius:0px;border-bottom-left-radius:0px;}.kadence-column6240_679b72-6e > .kt-inside-inner-col{column-gap:var(--global-kb-gap-sm, 1rem);}.kadence-column6240_679b72-6e > .kt-inside-inner-col{flex-direction:column;}.kadence-column6240_679b72-6e > .kt-inside-inner-col > .aligncenter{width:100%;}.kadence-column6240_679b72-6e > .kt-inside-inner-col:before{opacity:0.3;}.kadence-column6240_679b72-6e{position:relative;}@media all and (max-width: 1024px){.kadence-column6240_679b72-6e > .kt-inside-inner-col{padding-top:0px;padding-right:0px;padding-bottom:0px;padding-left:0px;flex-direction:column;justify-content:center;}}@media all and (max-width: 767px){.kadence-column6240_679b72-6e > .kt-inside-inner-col{flex-direction:column;justify-content:center;}}<\/style>\n<div class=\"wp-block-kadence-column kadence-column6240_679b72-6e inner-column-1\"><div class=\"kt-inside-inner-col\"><style>.kb-row-layout-id6240_b30f4f-c7 > .kt-row-column-wrap{align-content:start;}:where(.kb-row-layout-id6240_b30f4f-c7 > .kt-row-column-wrap) > .wp-block-kadence-column{justify-content:start;}.kb-row-layout-id6240_b30f4f-c7 > .kt-row-column-wrap{column-gap:var(--global-kb-gap-md, 2rem);row-gap:var(--global-kb-gap-md, 2rem);padding-top:0px;padding-bottom:0px;grid-template-columns:minmax(0, 1fr);}.kb-row-layout-id6240_b30f4f-c7 > .kt-row-layout-overlay{opacity:0.30;}@media all and (max-width: 1024px){.kb-row-layout-id6240_b30f4f-c7 > .kt-row-column-wrap{padding-top:0px;padding-right:0px;padding-bottom:0px;padding-left:0px;grid-template-columns:minmax(0, 1fr);}}@media all and (max-width: 767px){.kb-row-layout-id6240_b30f4f-c7 > .kt-row-column-wrap{grid-template-columns:minmax(0, 1fr);}}<\/style><div class=\"kb-row-layout-wrap kb-row-layout-id6240_b30f4f-c7 alignnone wp-block-kadence-rowlayout\"><div class=\"kt-row-column-wrap kt-has-1-columns kt-row-layout-equal kt-tab-layout-inherit kt-mobile-layout-row kt-row-valign-top\">\n<style>.kadence-column6240_27fe5c-98 > .kt-inside-inner-col{padding-right:40px;padding-left:40px;}.kadence-column6240_27fe5c-98 > .kt-inside-inner-col,.kadence-column6240_27fe5c-98 > .kt-inside-inner-col:before{border-top-left-radius:0px;border-top-right-radius:0px;border-bottom-right-radius:0px;border-bottom-left-radius:0px;}.kadence-column6240_27fe5c-98 > .kt-inside-inner-col{column-gap:var(--global-kb-gap-sm, 1rem);}.kadence-column6240_27fe5c-98 > .kt-inside-inner-col{flex-direction:column;}.kadence-column6240_27fe5c-98 > .kt-inside-inner-col > .aligncenter{width:100%;}.kadence-column6240_27fe5c-98 > .kt-inside-inner-col:before{opacity:0.3;}.kadence-column6240_27fe5c-98{position:relative;}@media all and (max-width: 1024px){.kadence-column6240_27fe5c-98 > .kt-inside-inner-col{flex-direction:column;justify-content:center;}}@media all and (max-width: 767px){.kadence-column6240_27fe5c-98 > .kt-inside-inner-col{padding-right:0px;padding-left:0px;flex-direction:column;justify-content:center;}}<\/style>\n<div class=\"wp-block-kadence-column kadence-column6240_27fe5c-98 inner-column-1\"><div class=\"kt-inside-inner-col\"><style>.wp-block-kadence-advancedheading.kt-adv-heading6240_79e2fa-76, .wp-block-kadence-advancedheading.kt-adv-heading6240_79e2fa-76[data-kb-block=\"kb-adv-heading6240_79e2fa-76\"]{padding-top:0px;padding-right:0px;padding-bottom:0px;padding-left:0px;margin-top:0px;margin-right:0px;margin-bottom:0px;margin-left:0px;text-align:center;font-style:normal;text-transform:none;}.wp-block-kadence-advancedheading.kt-adv-heading6240_79e2fa-76 mark.kt-highlight, .wp-block-kadence-advancedheading.kt-adv-heading6240_79e2fa-76[data-kb-block=\"kb-adv-heading6240_79e2fa-76\"] mark.kt-highlight{font-style:normal;color:#f76a0c;-webkit-box-decoration-break:clone;box-decoration-break:clone;padding-top:0px;padding-right:0px;padding-bottom:0px;padding-left:0px;}.wp-block-kadence-advancedheading.kt-adv-heading6240_79e2fa-76 img.kb-inline-image, .wp-block-kadence-advancedheading.kt-adv-heading6240_79e2fa-76[data-kb-block=\"kb-adv-heading6240_79e2fa-76\"] img.kb-inline-image{width:150px;vertical-align:baseline;}@media all and (max-width: 1024px){.wp-block-kadence-advancedheading.kt-adv-heading6240_79e2fa-76, .wp-block-kadence-advancedheading.kt-adv-heading6240_79e2fa-76[data-kb-block=\"kb-adv-heading6240_79e2fa-76\"]{font-size:var(--global-kb-font-size-xl, 3rem);}}<\/style>\n<h1 class=\"kt-adv-heading6240_79e2fa-76 wp-block-kadence-advancedheading has-theme-palette-9-color has-text-color\" data-kb-block=\"kb-adv-heading6240_79e2fa-76\"><strong><strong><strong><strong>Dissipatori lamellari LamellHeat<\/strong><\/strong><\/strong><\/strong><\/h1>\n<\/div><\/div>\n\n<\/div><\/div><\/div><\/div>\n\n<\/div><\/div>\n\n<style>.kb-row-layout-id6240_f5be1c-36 > .kt-row-column-wrap{align-content:start;}:where(.kb-row-layout-id6240_f5be1c-36 > .kt-row-column-wrap) > .wp-block-kadence-column{justify-content:start;}.kb-row-layout-id6240_f5be1c-36 > .kt-row-column-wrap{column-gap:var(--global-kb-gap-md, 2rem);row-gap:var(--global-kb-gap-md, 2rem);max-width:var( --global-content-width, 1340px );padding-left:var(--global-content-edge-padding);padding-right:var(--global-content-edge-padding);padding-top:var(--global-kb-spacing-lg, 3rem);padding-bottom:var(--global-kb-spacing-sm, 1.5rem);grid-template-columns:repeat(2, minmax(0, 1fr));}.kb-row-layout-id6240_f5be1c-36 > .kt-row-layout-overlay{opacity:0.30;}@media all and (max-width: 1024px){.kb-row-layout-id6240_f5be1c-36 > .kt-row-column-wrap{grid-template-columns:repeat(2, minmax(0, 1fr));}}@media all and (max-width: 767px){.kb-row-layout-id6240_f5be1c-36 > .kt-row-column-wrap{row-gap:var(--global-kb-gap-sm, 1rem);padding-top:var(--global-kb-spacing-md, 2rem);grid-template-columns:minmax(0, 1fr);}}<\/style><div class=\"kb-row-layout-wrap kb-row-layout-id6240_f5be1c-36 alignnone wp-block-kadence-rowlayout\"><div class=\"kt-row-column-wrap kt-has-2-columns kt-row-layout-equal kt-tab-layout-inherit kt-mobile-layout-row kt-row-valign-top kb-theme-content-width\">\n<style>.kadence-column6240_c5d5d9-e3 > .kt-inside-inner-col{border-top:1px solid var(--global-palette8, #F7FAFC);border-right:1px solid var(--global-palette8, #F7FAFC);border-bottom:1px solid var(--global-palette8, #F7FAFC);border-left:1px solid var(--global-palette8, #F7FAFC);}.kadence-column6240_c5d5d9-e3 > .kt-inside-inner-col,.kadence-column6240_c5d5d9-e3 > .kt-inside-inner-col:before{border-top-left-radius:6px;border-top-right-radius:6px;border-bottom-right-radius:6px;border-bottom-left-radius:6px;}.kadence-column6240_c5d5d9-e3 > .kt-inside-inner-col{column-gap:var(--global-kb-gap-sm, 1rem);}.kadence-column6240_c5d5d9-e3 > .kt-inside-inner-col{flex-direction:column;}.kadence-column6240_c5d5d9-e3 > .kt-inside-inner-col > .aligncenter{width:100%;}.kadence-column6240_c5d5d9-e3 > .kt-inside-inner-col:before{opacity:0.3;}.kadence-column6240_c5d5d9-e3{position:relative;}@media all and (max-width: 1024px){.kadence-column6240_c5d5d9-e3 > .kt-inside-inner-col{border-top:1px solid var(--global-palette8, #F7FAFC);border-right:1px solid var(--global-palette8, #F7FAFC);border-bottom:1px solid var(--global-palette8, #F7FAFC);border-left:1px solid var(--global-palette8, #F7FAFC);flex-direction:column;justify-content:center;}}@media all and (max-width: 767px){.kadence-column6240_c5d5d9-e3 > .kt-inside-inner-col{border-top:1px solid var(--global-palette8, #F7FAFC);border-right:1px solid var(--global-palette8, #F7FAFC);border-bottom:1px solid var(--global-palette8, #F7FAFC);border-left:1px solid var(--global-palette8, #F7FAFC);flex-direction:column;justify-content:center;}}<\/style>\n<div class=\"wp-block-kadence-column kadence-column6240_c5d5d9-e3\"><div class=\"kt-inside-inner-col\"><style>.kb-gallery-id-6240_92d492-05 .kadence-blocks-gallery-item .kb-gal-image-radius, .kb-gallery-id-6240_92d492-05 .kb-slide-item .kb-gal-image-radius img{border-radius:6px 6px 6px 6px;;}.kb-gallery-wrap-id-6240_92d492-05.wp-block-kadence-advancedgallery{overflow:visible;}.kb-gallery-wrap-id-6240_92d492-05.wp-block-kadence-advancedgallery .kt-blocks-carousel{overflow:visible;}<\/style><div class=\"kb-gallery-wrap-id-6240_92d492-05 alignnone wp-block-kadence-advancedgallery\"><div class=\"kb-gallery-ul kb-gallery-non-static kb-gallery-type-slider kb-gallery-id-6240_92d492-05 kb-gallery-caption-style-bottom-hover kb-gallery-filter-none\" data-image-filter=\"none\" data-lightbox-caption=\"true\"><div class=\"kt-blocks-carousel splide kt-carousel-container-dotstyle-none kt-carousel-arrowstyle-none kt-carousel-dotstyle-none kb-slider-group-arrow kb-slider-arrow-position-center\" data-slider-anim-speed=\"400\" data-slider-scroll=\"1\" data-slider-arrows=\"false\" data-slider-fade=\"true\" data-slider-dots=\"false\" data-slider-type=\"slider\" data-slider-hover-pause=\"false\" data-slider-auto=\"1\" data-slider-speed=\"7000\" data-show-pause-button=\"false\"><div class=\"splide__track\"><ul class=\"kt-blocks-carousel-init kb-blocks-slider splide__list\"><li class=\"kb-slide-item kb-gallery-slide-item splide__slide\"><div class=\"kadence-blocks-gallery-item\"><div class=\"kadence-blocks-gallery-item-inner\"><figure class=\"kb-gallery-figure kadence-blocks-gallery-item-hide-caption\"><div class=\"kb-gal-image-radius\"><div class=\"kb-gallery-image-contain kadence-blocks-gallery-intrinsic kb-gallery-image-ratio-land32 kb-has-image-ratio-land32\" ><img loading=\"lazy\" decoding=\"async\" src=\"data:image\/svg+xml,%3Csvg%20xmlns='http:\/\/www.w3.org\/2000\/svg'%20viewBox='0%200%201000%20667'%3E%3C\/svg%3E\"  data-splide-lazy=\"https:\/\/mgitaly.it\/wp-content\/uploads\/2026\/04\/lamellheat-senza-sfondo.jpg\" width=\"800\" height=\"550\" alt=\"\" data-full-image=\"https:\/\/mgitaly.it\/wp-content\/uploads\/2026\/04\/lamellheat-senza-sfondo.jpg\" data-light-image=\"https:\/\/mgitaly.it\/wp-content\/uploads\/2026\/04\/lamellheat-senza-sfondo.jpg\" data-splide-lazy-srcset=\"https:\/\/mgitaly.it\/wp-content\/uploads\/2026\/04\/lamellheat-senza-sfondo.jpg 800w, https:\/\/mgitaly.it\/wp-content\/uploads\/2026\/04\/lamellheat-senza-sfondo-300x206.jpg 300w, https:\/\/mgitaly.it\/wp-content\/uploads\/2026\/04\/lamellheat-senza-sfondo-768x528.jpg 768w, https:\/\/mgitaly.it\/wp-content\/uploads\/2026\/04\/lamellheat-senza-sfondo-18x12.jpg 18w, https:\/\/mgitaly.it\/wp-content\/uploads\/2026\/04\/lamellheat-senza-sfondo-640x440.jpg 640w\" sizes=\"auto, (max-width: 800px) 100vw, 800px\"data-id=\"6247\" class=\"wp-image-6247 skip-lazy\"\/><\/div><\/div><\/figure><\/div><\/div><\/li><\/ul><\/div><\/div><\/div><\/div><\/div><\/div>\n\n\n<style>.kadence-column6240_333745-b3 > .kt-inside-inner-col,.kadence-column6240_333745-b3 > .kt-inside-inner-col:before{border-top-left-radius:0px;border-top-right-radius:0px;border-bottom-right-radius:0px;border-bottom-left-radius:0px;}.kadence-column6240_333745-b3 > .kt-inside-inner-col{column-gap:var(--global-kb-gap-sm, 1rem);}.kadence-column6240_333745-b3 > .kt-inside-inner-col{flex-direction:column;}.kadence-column6240_333745-b3 > .kt-inside-inner-col > .aligncenter{width:100%;}.kadence-column6240_333745-b3 > .kt-inside-inner-col:before{opacity:0.3;}.kadence-column6240_333745-b3{position:relative;}@media all and (max-width: 1024px){.kadence-column6240_333745-b3 > .kt-inside-inner-col{flex-direction:column;justify-content:center;}}@media all and (max-width: 767px){.kadence-column6240_333745-b3 > .kt-inside-inner-col{flex-direction:column;justify-content:center;}}<\/style>\n<div class=\"wp-block-kadence-column kadence-column6240_333745-b3\"><div class=\"kt-inside-inner-col\"><style>.wp-block-kadence-advancedheading.kt-adv-heading6240_8998d1-6a, .wp-block-kadence-advancedheading.kt-adv-heading6240_8998d1-6a[data-kb-block=\"kb-adv-heading6240_8998d1-6a\"]{margin-top:var(--global-kb-spacing-xxs, 0.5rem);margin-bottom:var(--global-kb-spacing-xxs, 0.5rem);font-size:20px;font-style:normal;}.wp-block-kadence-advancedheading.kt-adv-heading6240_8998d1-6a mark.kt-highlight, .wp-block-kadence-advancedheading.kt-adv-heading6240_8998d1-6a[data-kb-block=\"kb-adv-heading6240_8998d1-6a\"] mark.kt-highlight{font-style:normal;color:#f76a0c;-webkit-box-decoration-break:clone;box-decoration-break:clone;padding-top:0px;padding-right:0px;padding-bottom:0px;padding-left:0px;}.wp-block-kadence-advancedheading.kt-adv-heading6240_8998d1-6a img.kb-inline-image, .wp-block-kadence-advancedheading.kt-adv-heading6240_8998d1-6a[data-kb-block=\"kb-adv-heading6240_8998d1-6a\"] img.kb-inline-image{width:150px;vertical-align:baseline;}@media all and (max-width: 1024px){.wp-block-kadence-advancedheading.kt-adv-heading6240_8998d1-6a, .wp-block-kadence-advancedheading.kt-adv-heading6240_8998d1-6a[data-kb-block=\"kb-adv-heading6240_8998d1-6a\"]{text-align:left!important;}}@media all and (max-width: 767px){.wp-block-kadence-advancedheading.kt-adv-heading6240_8998d1-6a, .wp-block-kadence-advancedheading.kt-adv-heading6240_8998d1-6a[data-kb-block=\"kb-adv-heading6240_8998d1-6a\"]{text-align:left!important;}}<\/style>\n<h5 class=\"kt-adv-heading6240_8998d1-6a wp-block-kadence-advancedheading\" data-kb-block=\"kb-adv-heading6240_8998d1-6a\"><strong><strong>Il mondo dell\u2019intelligenza artificiale richiede performance sempre maggiori. Per questo MG Italy ha pensato a <strong>LamellHeat<\/strong>.<\/strong><\/strong><\/h5>\n\n\n<style>.wp-block-kadence-advancedheading.kt-adv-heading6240_100bc0-56, .wp-block-kadence-advancedheading.kt-adv-heading6240_100bc0-56[data-kb-block=\"kb-adv-heading6240_100bc0-56\"]{margin-bottom:var(--global-kb-spacing-xs, 1rem);font-style:normal;}.wp-block-kadence-advancedheading.kt-adv-heading6240_100bc0-56 mark.kt-highlight, .wp-block-kadence-advancedheading.kt-adv-heading6240_100bc0-56[data-kb-block=\"kb-adv-heading6240_100bc0-56\"] mark.kt-highlight{font-style:normal;color:#f76a0c;-webkit-box-decoration-break:clone;box-decoration-break:clone;padding-top:0px;padding-right:0px;padding-bottom:0px;padding-left:0px;}.wp-block-kadence-advancedheading.kt-adv-heading6240_100bc0-56 img.kb-inline-image, .wp-block-kadence-advancedheading.kt-adv-heading6240_100bc0-56[data-kb-block=\"kb-adv-heading6240_100bc0-56\"] img.kb-inline-image{width:150px;vertical-align:baseline;}<\/style>\n<p class=\"kt-adv-heading6240_100bc0-56 wp-block-kadence-advancedheading\" data-kb-block=\"kb-adv-heading6240_100bc0-56\">Il nuovo\u00a0LamellHeat\u00a0rappresenta l\u2019evoluzione intelligente del raffreddamento per componenti elettronici ad alte prestazioni.<br>Progettato per garantire massima efficienza e stabilit\u00e0 operativa, unisce design innovativo e materiali di alta qualit\u00e0 in una soluzione potente e versatile.<\/p>\n\n\n<style>.wp-block-kadence-advancedheading.kt-adv-heading6240_f1c617-a4, .wp-block-kadence-advancedheading.kt-adv-heading6240_f1c617-a4[data-kb-block=\"kb-adv-heading6240_f1c617-a4\"]{font-style:normal;}.wp-block-kadence-advancedheading.kt-adv-heading6240_f1c617-a4 mark.kt-highlight, .wp-block-kadence-advancedheading.kt-adv-heading6240_f1c617-a4[data-kb-block=\"kb-adv-heading6240_f1c617-a4\"] mark.kt-highlight{font-style:normal;color:#f76a0c;-webkit-box-decoration-break:clone;box-decoration-break:clone;padding-top:0px;padding-right:0px;padding-bottom:0px;padding-left:0px;}.wp-block-kadence-advancedheading.kt-adv-heading6240_f1c617-a4 img.kb-inline-image, .wp-block-kadence-advancedheading.kt-adv-heading6240_f1c617-a4[data-kb-block=\"kb-adv-heading6240_f1c617-a4\"] img.kb-inline-image{width:150px;vertical-align:baseline;}<\/style>\n<p class=\"kt-adv-heading6240_f1c617-a4 wp-block-kadence-advancedheading\" data-kb-block=\"kb-adv-heading6240_f1c617-a4\">La sua struttura a lamelle ad alta densit\u00e0 aumenta la superficie di scambio termico, permettendo al calore di dissiparsi pi\u00f9 rapidamente rispetto ai sistemi tradizionali. Il corpo in alluminio ad alta conducibilit\u00e0, con varianti dotate di base in rame o heatpipe integrate, assicura un trasferimento termico rapido ed efficace dalla sorgente alla superficie di raffreddamento.<\/p>\n<\/div><\/div>\n\n<\/div><\/div>\n\n<style>.kb-row-layout-id6240_e08c4d-b6 > .kt-row-column-wrap{align-content:start;}:where(.kb-row-layout-id6240_e08c4d-b6 > .kt-row-column-wrap) > .wp-block-kadence-column{justify-content:start;}.kb-row-layout-id6240_e08c4d-b6 > .kt-row-column-wrap{column-gap:var(--global-kb-gap-md, 2rem);row-gap:var(--global-kb-gap-md, 2rem);max-width:var( --global-content-width, 1340px );padding-left:var(--global-content-edge-padding);padding-right:var(--global-content-edge-padding);padding-top:var(--global-kb-spacing-sm, 1.5rem);padding-bottom:var(--global-kb-spacing-lg, 3rem);grid-template-columns:minmax(0, 1fr);}.kb-row-layout-id6240_e08c4d-b6 > .kt-row-layout-overlay{opacity:0.30;}@media all and (max-width: 1024px){.kb-row-layout-id6240_e08c4d-b6 > .kt-row-column-wrap{grid-template-columns:minmax(0, 1fr);}}@media all and (max-width: 767px){.kb-row-layout-id6240_e08c4d-b6 > .kt-row-column-wrap{grid-template-columns:minmax(0, 1fr);}}<\/style><div class=\"kb-row-layout-wrap kb-row-layout-id6240_e08c4d-b6 alignnone wp-block-kadence-rowlayout\"><div class=\"kt-row-column-wrap kt-has-1-columns kt-row-layout-equal kt-tab-layout-inherit kt-mobile-layout-row kt-row-valign-top kb-theme-content-width\">\n<style>.kadence-column6240_1e1d46-57 > .kt-inside-inner-col,.kadence-column6240_1e1d46-57 > .kt-inside-inner-col:before{border-top-left-radius:0px;border-top-right-radius:0px;border-bottom-right-radius:0px;border-bottom-left-radius:0px;}.kadence-column6240_1e1d46-57 > .kt-inside-inner-col{column-gap:var(--global-kb-gap-sm, 1rem);}.kadence-column6240_1e1d46-57 > .kt-inside-inner-col{flex-direction:column;}.kadence-column6240_1e1d46-57 > .kt-inside-inner-col > .aligncenter{width:100%;}.kadence-column6240_1e1d46-57 > .kt-inside-inner-col:before{opacity:0.3;}.kadence-column6240_1e1d46-57{position:relative;}@media all and (max-width: 1024px){.kadence-column6240_1e1d46-57 > .kt-inside-inner-col{flex-direction:column;justify-content:center;}}@media all and (max-width: 767px){.kadence-column6240_1e1d46-57 > .kt-inside-inner-col{flex-direction:column;justify-content:center;}}<\/style>\n<div class=\"wp-block-kadence-column kadence-column6240_1e1d46-57\"><div class=\"kt-inside-inner-col\"><style>.wp-block-kadence-advancedheading.kt-adv-heading6240_37af04-b9, .wp-block-kadence-advancedheading.kt-adv-heading6240_37af04-b9[data-kb-block=\"kb-adv-heading6240_37af04-b9\"]{margin-bottom:var(--global-kb-spacing-xs, 1rem);text-align:left;line-height:1.5;font-style:normal;}.wp-block-kadence-advancedheading.kt-adv-heading6240_37af04-b9 mark.kt-highlight, .wp-block-kadence-advancedheading.kt-adv-heading6240_37af04-b9[data-kb-block=\"kb-adv-heading6240_37af04-b9\"] mark.kt-highlight{font-style:normal;color:#f76a0c;-webkit-box-decoration-break:clone;box-decoration-break:clone;padding-top:0px;padding-right:0px;padding-bottom:0px;padding-left:0px;}.wp-block-kadence-advancedheading.kt-adv-heading6240_37af04-b9 img.kb-inline-image, .wp-block-kadence-advancedheading.kt-adv-heading6240_37af04-b9[data-kb-block=\"kb-adv-heading6240_37af04-b9\"] img.kb-inline-image{width:150px;vertical-align:baseline;}@media all and (max-width: 1024px){.wp-block-kadence-advancedheading.kt-adv-heading6240_37af04-b9, .wp-block-kadence-advancedheading.kt-adv-heading6240_37af04-b9[data-kb-block=\"kb-adv-heading6240_37af04-b9\"]{text-align:left!important;}}@media all and (max-width: 767px){.wp-block-kadence-advancedheading.kt-adv-heading6240_37af04-b9, .wp-block-kadence-advancedheading.kt-adv-heading6240_37af04-b9[data-kb-block=\"kb-adv-heading6240_37af04-b9\"]{text-align:left!important;}}<\/style>\n<p class=\"kt-adv-heading6240_37af04-b9 wp-block-kadence-advancedheading\" data-kb-block=\"kb-adv-heading6240_37af04-b9\">Compatibile con CPU, GPU, VRM e moduli di potenza, LamellHeat supporta ventole PWM per un controllo automatico della velocit\u00e0, offrendo prestazioni elevate anche sotto carichi intensi.<br>Il risultato? Temperature pi\u00f9 stabili, maggiore affidabilit\u00e0 e un funzionamento silenzioso, ideale sia per PC da gaming che per applicazioni professionali.<\/p>\n\n\n<style>.wp-block-kadence-advancedheading.kt-adv-heading6240_ed056c-6f, .wp-block-kadence-advancedheading.kt-adv-heading6240_ed056c-6f[data-kb-block=\"kb-adv-heading6240_ed056c-6f\"]{margin-bottom:var(--global-kb-spacing-xs, 1rem);text-align:left;line-height:1.5;font-style:normal;}.wp-block-kadence-advancedheading.kt-adv-heading6240_ed056c-6f mark.kt-highlight, .wp-block-kadence-advancedheading.kt-adv-heading6240_ed056c-6f[data-kb-block=\"kb-adv-heading6240_ed056c-6f\"] mark.kt-highlight{font-style:normal;color:#f76a0c;-webkit-box-decoration-break:clone;box-decoration-break:clone;padding-top:0px;padding-right:0px;padding-bottom:0px;padding-left:0px;}.wp-block-kadence-advancedheading.kt-adv-heading6240_ed056c-6f img.kb-inline-image, .wp-block-kadence-advancedheading.kt-adv-heading6240_ed056c-6f[data-kb-block=\"kb-adv-heading6240_ed056c-6f\"] img.kb-inline-image{width:150px;vertical-align:baseline;}@media all and (max-width: 1024px){.wp-block-kadence-advancedheading.kt-adv-heading6240_ed056c-6f, .wp-block-kadence-advancedheading.kt-adv-heading6240_ed056c-6f[data-kb-block=\"kb-adv-heading6240_ed056c-6f\"]{text-align:left!important;}}@media all and (max-width: 767px){.wp-block-kadence-advancedheading.kt-adv-heading6240_ed056c-6f, .wp-block-kadence-advancedheading.kt-adv-heading6240_ed056c-6f[data-kb-block=\"kb-adv-heading6240_ed056c-6f\"]{text-align:left!important;}}<\/style>\n<p class=\"kt-adv-heading6240_ed056c-6f wp-block-kadence-advancedheading\" data-kb-block=\"kb-adv-heading6240_ed056c-6f\">LamellHeat: pi\u00f9 potenza, pi\u00f9 controllo, meno calore.<\/p>\n<\/div><\/div>\n\n<\/div><\/div>","protected":false},"excerpt":{"rendered":"<p>Dissipatori lamellari LamellHeat Il mondo dell\u2019intelligenza artificiale richiede performance sempre maggiori. Per questo MG Italy ha pensato a LamellHeat. Il nuovo\u00a0LamellHeat\u00a0rappresenta l\u2019evoluzione intelligente del raffreddamento per componenti elettronici ad alte prestazioni.Progettato per garantire massima efficienza e stabilit\u00e0 operativa, unisce design innovativo e materiali di alta qualit\u00e0 in una soluzione potente e versatile. La sua struttura&#8230;<\/p>","protected":false},"author":1,"featured_media":0,"parent":4444,"menu_order":0,"comment_status":"closed","ping_status":"closed","template":"","meta":{"_kadence_starter_templates_imported_post":true,"_kad_post_transparent":"","_kad_post_title":"hide","_kad_post_layout":"fullwidth","_kad_post_sidebar_id":"","_kad_post_content_style":"unboxed","_kad_post_vertical_padding":"hide","_kad_post_feature":"hide","_kad_post_feature_position":"","_kad_post_header":false,"_kad_post_footer":false,"_kad_post_classname":"","footnotes":""},"class_list":["post-6240","page","type-page","status-publish","hentry"],"_links":{"self":[{"href":"https:\/\/mgitaly.it\/en\/wp-json\/wp\/v2\/pages\/6240","targetHints":{"allow":["GET"]}}],"collection":[{"href":"https:\/\/mgitaly.it\/en\/wp-json\/wp\/v2\/pages"}],"about":[{"href":"https:\/\/mgitaly.it\/en\/wp-json\/wp\/v2\/types\/page"}],"author":[{"embeddable":true,"href":"https:\/\/mgitaly.it\/en\/wp-json\/wp\/v2\/users\/1"}],"replies":[{"embeddable":true,"href":"https:\/\/mgitaly.it\/en\/wp-json\/wp\/v2\/comments?post=6240"}],"version-history":[{"count":5,"href":"https:\/\/mgitaly.it\/en\/wp-json\/wp\/v2\/pages\/6240\/revisions"}],"predecessor-version":[{"id":6249,"href":"https:\/\/mgitaly.it\/en\/wp-json\/wp\/v2\/pages\/6240\/revisions\/6249"}],"up":[{"embeddable":true,"href":"https:\/\/mgitaly.it\/en\/wp-json\/wp\/v2\/pages\/4444"}],"wp:attachment":[{"href":"https:\/\/mgitaly.it\/en\/wp-json\/wp\/v2\/media?parent=6240"}],"curies":[{"name":"wp","href":"https:\/\/api.w.org\/{rel}","templated":true}]}}