{"id":6226,"date":"2026-04-01T04:37:36","date_gmt":"2026-04-01T04:37:36","guid":{"rendered":"https:\/\/mgitaly.it\/?page_id=6226"},"modified":"2026-04-01T04:44:04","modified_gmt":"2026-04-01T04:44:04","slug":"dissipatore-in-grafite-graphitherm","status":"publish","type":"page","link":"https:\/\/mgitaly.it\/en\/dissipatori-adaria\/dissipatore-in-grafite-graphitherm\/","title":{"rendered":"GraphiTherm graphite heatsink"},"content":{"rendered":"<style>.kb-row-layout-id6226_922911-52 > .kt-row-column-wrap{align-content:start;}:where(.kb-row-layout-id6226_922911-52 > .kt-row-column-wrap) > .wp-block-kadence-column{justify-content:start;}.kb-row-layout-id6226_922911-52 > .kt-row-column-wrap{column-gap:var(--global-kb-gap-md, 2rem);row-gap:var(--global-kb-gap-md, 2rem);max-width:var( --global-content-width, 1340px );padding-left:var(--global-content-edge-padding);padding-right:var(--global-content-edge-padding);padding-top:180px;padding-bottom:60px;grid-template-columns:minmax(0, 1fr);}.kb-row-layout-id6226_922911-52 > .kt-row-layout-overlay{opacity:0.18;background-image:url('https:\/\/mgitaly.it\/wp-content\/uploads\/2026\/04\/graphiterm-senza-sfondo.jpg');background-size:cover;background-position:51% 55.00000000000001%;background-attachment:scroll;background-repeat:no-repeat;mix-blend-mode:normal;}@media all and (max-width: 1024px){.kb-row-layout-id6226_922911-52 > .kt-row-column-wrap{padding-top:160px;padding-bottom:40px;grid-template-columns:minmax(0, 1fr);}}@media all and (max-width: 767px){.kb-row-layout-id6226_922911-52 > .kt-row-column-wrap{padding-top:160px;padding-right:20px;padding-bottom:30px;padding-left:20px;grid-template-columns:minmax(0, 1fr);}}<\/style><div class=\"kb-row-layout-wrap kb-row-layout-id6226_922911-52 alignnone has-theme-palette3-background-color kt-row-has-bg wp-block-kadence-rowlayout\"><div class=\"kt-row-layout-overlay kt-row-overlay-normal\"><\/div><div class=\"kt-row-column-wrap kt-has-1-columns kt-row-layout-equal kt-tab-layout-inherit kt-mobile-layout-row kt-row-valign-top kb-theme-content-width\">\n<style>.kadence-column6226_93920d-72 > .kt-inside-inner-col,.kadence-column6226_93920d-72 > .kt-inside-inner-col:before{border-top-left-radius:0px;border-top-right-radius:0px;border-bottom-right-radius:0px;border-bottom-left-radius:0px;}.kadence-column6226_93920d-72 > .kt-inside-inner-col{column-gap:var(--global-kb-gap-sm, 1rem);}.kadence-column6226_93920d-72 > .kt-inside-inner-col{flex-direction:column;}.kadence-column6226_93920d-72 > .kt-inside-inner-col > .aligncenter{width:100%;}.kadence-column6226_93920d-72 > .kt-inside-inner-col:before{opacity:0.3;}.kadence-column6226_93920d-72{position:relative;}@media all and (max-width: 1024px){.kadence-column6226_93920d-72 > .kt-inside-inner-col{padding-top:0px;padding-right:0px;padding-bottom:0px;padding-left:0px;flex-direction:column;justify-content:center;}}@media all and (max-width: 767px){.kadence-column6226_93920d-72 > .kt-inside-inner-col{flex-direction:column;justify-content:center;}}<\/style>\n<div class=\"wp-block-kadence-column kadence-column6226_93920d-72 inner-column-1\"><div class=\"kt-inside-inner-col\"><style>.kb-row-layout-id6226_2a0fe3-8b > .kt-row-column-wrap{align-content:start;}:where(.kb-row-layout-id6226_2a0fe3-8b > .kt-row-column-wrap) > .wp-block-kadence-column{justify-content:start;}.kb-row-layout-id6226_2a0fe3-8b > .kt-row-column-wrap{column-gap:var(--global-kb-gap-md, 2rem);row-gap:var(--global-kb-gap-md, 2rem);padding-top:0px;padding-bottom:0px;grid-template-columns:minmax(0, 1fr);}.kb-row-layout-id6226_2a0fe3-8b > .kt-row-layout-overlay{opacity:0.30;}@media all and (max-width: 1024px){.kb-row-layout-id6226_2a0fe3-8b > .kt-row-column-wrap{padding-top:0px;padding-right:0px;padding-bottom:0px;padding-left:0px;grid-template-columns:minmax(0, 1fr);}}@media all and (max-width: 767px){.kb-row-layout-id6226_2a0fe3-8b > .kt-row-column-wrap{grid-template-columns:minmax(0, 1fr);}}<\/style><div class=\"kb-row-layout-wrap kb-row-layout-id6226_2a0fe3-8b alignnone wp-block-kadence-rowlayout\"><div class=\"kt-row-column-wrap kt-has-1-columns kt-row-layout-equal kt-tab-layout-inherit kt-mobile-layout-row kt-row-valign-top\">\n<style>.kadence-column6226_bcd20e-e9 > .kt-inside-inner-col{padding-right:40px;padding-left:40px;}.kadence-column6226_bcd20e-e9 > .kt-inside-inner-col,.kadence-column6226_bcd20e-e9 > .kt-inside-inner-col:before{border-top-left-radius:0px;border-top-right-radius:0px;border-bottom-right-radius:0px;border-bottom-left-radius:0px;}.kadence-column6226_bcd20e-e9 > .kt-inside-inner-col{column-gap:var(--global-kb-gap-sm, 1rem);}.kadence-column6226_bcd20e-e9 > .kt-inside-inner-col{flex-direction:column;}.kadence-column6226_bcd20e-e9 > .kt-inside-inner-col > .aligncenter{width:100%;}.kadence-column6226_bcd20e-e9 > .kt-inside-inner-col:before{opacity:0.3;}.kadence-column6226_bcd20e-e9{position:relative;}@media all and (max-width: 1024px){.kadence-column6226_bcd20e-e9 > .kt-inside-inner-col{flex-direction:column;justify-content:center;}}@media all and (max-width: 767px){.kadence-column6226_bcd20e-e9 > .kt-inside-inner-col{padding-right:0px;padding-left:0px;flex-direction:column;justify-content:center;}}<\/style>\n<div class=\"wp-block-kadence-column kadence-column6226_bcd20e-e9 inner-column-1\"><div class=\"kt-inside-inner-col\"><style>.wp-block-kadence-advancedheading.kt-adv-heading6226_c6e84a-44, .wp-block-kadence-advancedheading.kt-adv-heading6226_c6e84a-44[data-kb-block=\"kb-adv-heading6226_c6e84a-44\"]{padding-top:0px;padding-right:0px;padding-bottom:0px;padding-left:0px;margin-top:0px;margin-right:0px;margin-bottom:0px;margin-left:0px;text-align:center;font-style:normal;text-transform:none;}.wp-block-kadence-advancedheading.kt-adv-heading6226_c6e84a-44 mark.kt-highlight, .wp-block-kadence-advancedheading.kt-adv-heading6226_c6e84a-44[data-kb-block=\"kb-adv-heading6226_c6e84a-44\"] mark.kt-highlight{font-style:normal;color:#f76a0c;-webkit-box-decoration-break:clone;box-decoration-break:clone;padding-top:0px;padding-right:0px;padding-bottom:0px;padding-left:0px;}.wp-block-kadence-advancedheading.kt-adv-heading6226_c6e84a-44 img.kb-inline-image, .wp-block-kadence-advancedheading.kt-adv-heading6226_c6e84a-44[data-kb-block=\"kb-adv-heading6226_c6e84a-44\"] img.kb-inline-image{width:150px;vertical-align:baseline;}@media all and (max-width: 1024px){.wp-block-kadence-advancedheading.kt-adv-heading6226_c6e84a-44, .wp-block-kadence-advancedheading.kt-adv-heading6226_c6e84a-44[data-kb-block=\"kb-adv-heading6226_c6e84a-44\"]{font-size:var(--global-kb-font-size-xl, 3rem);}}<\/style>\n<h1 class=\"kt-adv-heading6226_c6e84a-44 wp-block-kadence-advancedheading has-theme-palette-9-color has-text-color\" data-kb-block=\"kb-adv-heading6226_c6e84a-44\"><strong><strong><strong><strong>Dissipatore in grafite GraphiTherm<\/strong><\/strong><\/strong><\/strong><\/h1>\n<\/div><\/div>\n\n<\/div><\/div><\/div><\/div>\n\n<\/div><\/div>\n\n<style>.kb-row-layout-id6226_f4c352-e3 > .kt-row-column-wrap{align-content:start;}:where(.kb-row-layout-id6226_f4c352-e3 > .kt-row-column-wrap) > .wp-block-kadence-column{justify-content:start;}.kb-row-layout-id6226_f4c352-e3 > .kt-row-column-wrap{column-gap:var(--global-kb-gap-md, 2rem);row-gap:var(--global-kb-gap-md, 2rem);max-width:var( --global-content-width, 1340px );padding-left:var(--global-content-edge-padding);padding-right:var(--global-content-edge-padding);padding-top:var(--global-kb-spacing-lg, 3rem);padding-bottom:var(--global-kb-spacing-sm, 1.5rem);grid-template-columns:repeat(2, minmax(0, 1fr));}.kb-row-layout-id6226_f4c352-e3 > .kt-row-layout-overlay{opacity:0.30;}@media all and (max-width: 1024px){.kb-row-layout-id6226_f4c352-e3 > .kt-row-column-wrap{grid-template-columns:repeat(2, minmax(0, 1fr));}}@media all and (max-width: 767px){.kb-row-layout-id6226_f4c352-e3 > .kt-row-column-wrap{row-gap:var(--global-kb-gap-sm, 1rem);padding-top:var(--global-kb-spacing-md, 2rem);grid-template-columns:minmax(0, 1fr);}}<\/style><div class=\"kb-row-layout-wrap kb-row-layout-id6226_f4c352-e3 alignnone wp-block-kadence-rowlayout\"><div class=\"kt-row-column-wrap kt-has-2-columns kt-row-layout-equal kt-tab-layout-inherit kt-mobile-layout-row kt-row-valign-top kb-theme-content-width\">\n<style>.kadence-column6226_7f0b51-95 > .kt-inside-inner-col{border-top:1px solid var(--global-palette8, #F7FAFC);border-right:1px solid var(--global-palette8, #F7FAFC);border-bottom:1px solid var(--global-palette8, #F7FAFC);border-left:1px solid var(--global-palette8, #F7FAFC);}.kadence-column6226_7f0b51-95 > .kt-inside-inner-col,.kadence-column6226_7f0b51-95 > .kt-inside-inner-col:before{border-top-left-radius:6px;border-top-right-radius:6px;border-bottom-right-radius:6px;border-bottom-left-radius:6px;}.kadence-column6226_7f0b51-95 > .kt-inside-inner-col{column-gap:var(--global-kb-gap-sm, 1rem);}.kadence-column6226_7f0b51-95 > .kt-inside-inner-col{flex-direction:column;}.kadence-column6226_7f0b51-95 > .kt-inside-inner-col > .aligncenter{width:100%;}.kadence-column6226_7f0b51-95 > .kt-inside-inner-col:before{opacity:0.3;}.kadence-column6226_7f0b51-95{position:relative;}@media all and (max-width: 1024px){.kadence-column6226_7f0b51-95 > .kt-inside-inner-col{border-top:1px solid var(--global-palette8, #F7FAFC);border-right:1px solid var(--global-palette8, #F7FAFC);border-bottom:1px solid var(--global-palette8, #F7FAFC);border-left:1px solid var(--global-palette8, #F7FAFC);flex-direction:column;justify-content:center;}}@media all and (max-width: 767px){.kadence-column6226_7f0b51-95 > .kt-inside-inner-col{border-top:1px solid var(--global-palette8, #F7FAFC);border-right:1px solid var(--global-palette8, #F7FAFC);border-bottom:1px solid var(--global-palette8, #F7FAFC);border-left:1px solid var(--global-palette8, #F7FAFC);flex-direction:column;justify-content:center;}}<\/style>\n<div class=\"wp-block-kadence-column kadence-column6226_7f0b51-95\"><div class=\"kt-inside-inner-col\"><style>.kb-gallery-id-6226_e64fe5-27 .kadence-blocks-gallery-item .kb-gal-image-radius, .kb-gallery-id-6226_e64fe5-27 .kb-slide-item .kb-gal-image-radius img{border-radius:6px 6px 6px 6px;;}.kb-gallery-wrap-id-6226_e64fe5-27.wp-block-kadence-advancedgallery{overflow:visible;}.kb-gallery-wrap-id-6226_e64fe5-27.wp-block-kadence-advancedgallery .kt-blocks-carousel{overflow:visible;}<\/style><div class=\"kb-gallery-wrap-id-6226_e64fe5-27 alignnone wp-block-kadence-advancedgallery\"><div class=\"kb-gallery-ul kb-gallery-non-static kb-gallery-type-slider kb-gallery-id-6226_e64fe5-27 kb-gallery-caption-style-bottom-hover kb-gallery-filter-none\" data-image-filter=\"none\" data-lightbox-caption=\"true\"><div class=\"kt-blocks-carousel splide kt-carousel-container-dotstyle-none kt-carousel-arrowstyle-none kt-carousel-dotstyle-none kb-slider-group-arrow kb-slider-arrow-position-center\" data-slider-anim-speed=\"400\" data-slider-scroll=\"1\" data-slider-arrows=\"false\" data-slider-fade=\"true\" data-slider-dots=\"false\" data-slider-type=\"slider\" data-slider-hover-pause=\"false\" data-slider-auto=\"1\" data-slider-speed=\"7000\" data-show-pause-button=\"false\"><div class=\"splide__track\"><ul class=\"kt-blocks-carousel-init kb-blocks-slider splide__list\"><li class=\"kb-slide-item kb-gallery-slide-item splide__slide\"><div class=\"kadence-blocks-gallery-item\"><div class=\"kadence-blocks-gallery-item-inner\"><figure class=\"kb-gallery-figure kadence-blocks-gallery-item-hide-caption\"><div class=\"kb-gal-image-radius\"><div class=\"kb-gallery-image-contain kadence-blocks-gallery-intrinsic kb-gallery-image-ratio-land32 kb-has-image-ratio-land32\" ><img loading=\"lazy\" decoding=\"async\" src=\"data:image\/svg+xml,%3Csvg%20xmlns='http:\/\/www.w3.org\/2000\/svg'%20viewBox='0%200%201000%20667'%3E%3C\/svg%3E\"  data-splide-lazy=\"https:\/\/mgitaly.it\/wp-content\/uploads\/2026\/04\/graphiterm-senza-sfondo.jpg\" width=\"800\" height=\"550\" alt=\"\" data-full-image=\"https:\/\/mgitaly.it\/wp-content\/uploads\/2026\/04\/graphiterm-senza-sfondo.jpg\" data-light-image=\"https:\/\/mgitaly.it\/wp-content\/uploads\/2026\/04\/graphiterm-senza-sfondo.jpg\" data-splide-lazy-srcset=\"https:\/\/mgitaly.it\/wp-content\/uploads\/2026\/04\/graphiterm-senza-sfondo.jpg 800w, https:\/\/mgitaly.it\/wp-content\/uploads\/2026\/04\/graphiterm-senza-sfondo-300x206.jpg 300w, https:\/\/mgitaly.it\/wp-content\/uploads\/2026\/04\/graphiterm-senza-sfondo-768x528.jpg 768w, https:\/\/mgitaly.it\/wp-content\/uploads\/2026\/04\/graphiterm-senza-sfondo-18x12.jpg 18w, https:\/\/mgitaly.it\/wp-content\/uploads\/2026\/04\/graphiterm-senza-sfondo-640x440.jpg 640w\" sizes=\"auto, (max-width: 800px) 100vw, 800px\"data-id=\"6223\" class=\"wp-image-6223 skip-lazy\"\/><\/div><\/div><\/figure><\/div><\/div><\/li><\/ul><\/div><\/div><\/div><\/div><\/div><\/div>\n\n\n<style>.kadence-column6226_a94e89-5b > .kt-inside-inner-col,.kadence-column6226_a94e89-5b > .kt-inside-inner-col:before{border-top-left-radius:0px;border-top-right-radius:0px;border-bottom-right-radius:0px;border-bottom-left-radius:0px;}.kadence-column6226_a94e89-5b > .kt-inside-inner-col{column-gap:var(--global-kb-gap-sm, 1rem);}.kadence-column6226_a94e89-5b > .kt-inside-inner-col{flex-direction:column;}.kadence-column6226_a94e89-5b > .kt-inside-inner-col > .aligncenter{width:100%;}.kadence-column6226_a94e89-5b > .kt-inside-inner-col:before{opacity:0.3;}.kadence-column6226_a94e89-5b{position:relative;}@media all and (max-width: 1024px){.kadence-column6226_a94e89-5b > .kt-inside-inner-col{flex-direction:column;justify-content:center;}}@media all and (max-width: 767px){.kadence-column6226_a94e89-5b > .kt-inside-inner-col{flex-direction:column;justify-content:center;}}<\/style>\n<div class=\"wp-block-kadence-column kadence-column6226_a94e89-5b\"><div class=\"kt-inside-inner-col\"><style>.wp-block-kadence-advancedheading.kt-adv-heading6226_ba9448-83, .wp-block-kadence-advancedheading.kt-adv-heading6226_ba9448-83[data-kb-block=\"kb-adv-heading6226_ba9448-83\"]{margin-top:var(--global-kb-spacing-xxs, 0.5rem);margin-bottom:var(--global-kb-spacing-xxs, 0.5rem);font-size:20px;font-style:normal;}.wp-block-kadence-advancedheading.kt-adv-heading6226_ba9448-83 mark.kt-highlight, .wp-block-kadence-advancedheading.kt-adv-heading6226_ba9448-83[data-kb-block=\"kb-adv-heading6226_ba9448-83\"] mark.kt-highlight{font-style:normal;color:#f76a0c;-webkit-box-decoration-break:clone;box-decoration-break:clone;padding-top:0px;padding-right:0px;padding-bottom:0px;padding-left:0px;}.wp-block-kadence-advancedheading.kt-adv-heading6226_ba9448-83 img.kb-inline-image, .wp-block-kadence-advancedheading.kt-adv-heading6226_ba9448-83[data-kb-block=\"kb-adv-heading6226_ba9448-83\"] img.kb-inline-image{width:150px;vertical-align:baseline;}@media all and (max-width: 1024px){.wp-block-kadence-advancedheading.kt-adv-heading6226_ba9448-83, .wp-block-kadence-advancedheading.kt-adv-heading6226_ba9448-83[data-kb-block=\"kb-adv-heading6226_ba9448-83\"]{text-align:left!important;}}@media all and (max-width: 767px){.wp-block-kadence-advancedheading.kt-adv-heading6226_ba9448-83, .wp-block-kadence-advancedheading.kt-adv-heading6226_ba9448-83[data-kb-block=\"kb-adv-heading6226_ba9448-83\"]{text-align:left!important;}}<\/style>\n<h5 class=\"kt-adv-heading6226_ba9448-83 wp-block-kadence-advancedheading\" data-kb-block=\"kb-adv-heading6226_ba9448-83\"><strong><strong>Il mondo dei data center richiede performance sempre maggiori. Per questo MG Italy ha pensato a <strong>GraphiTherm-<\/strong>, il dissipatore in grafite.<\/strong><\/strong><\/h5>\n\n\n<style>.wp-block-kadence-advancedheading.kt-adv-heading6226_17f367-fc, .wp-block-kadence-advancedheading.kt-adv-heading6226_17f367-fc[data-kb-block=\"kb-adv-heading6226_17f367-fc\"]{margin-bottom:var(--global-kb-spacing-xs, 1rem);font-style:normal;}.wp-block-kadence-advancedheading.kt-adv-heading6226_17f367-fc mark.kt-highlight, .wp-block-kadence-advancedheading.kt-adv-heading6226_17f367-fc[data-kb-block=\"kb-adv-heading6226_17f367-fc\"] mark.kt-highlight{font-style:normal;color:#f76a0c;-webkit-box-decoration-break:clone;box-decoration-break:clone;padding-top:0px;padding-right:0px;padding-bottom:0px;padding-left:0px;}.wp-block-kadence-advancedheading.kt-adv-heading6226_17f367-fc img.kb-inline-image, .wp-block-kadence-advancedheading.kt-adv-heading6226_17f367-fc[data-kb-block=\"kb-adv-heading6226_17f367-fc\"] img.kb-inline-image{width:150px;vertical-align:baseline;}<\/style>\n<p class=\"kt-adv-heading6226_17f367-fc wp-block-kadence-advancedheading\" data-kb-block=\"kb-adv-heading6226_17f367-fc\">Oggi l\u2019efficienza di un dissipatore non dipende solo dalle alette o dalle heat pipe, ma da come il calore viene distribuito alla base. \u00c8 qui che entra in gioco la grafite.<\/p>\n\n\n<style>.wp-block-kadence-advancedheading.kt-adv-heading6226_ea8a5d-08, .wp-block-kadence-advancedheading.kt-adv-heading6226_ea8a5d-08[data-kb-block=\"kb-adv-heading6226_ea8a5d-08\"]{font-style:normal;}.wp-block-kadence-advancedheading.kt-adv-heading6226_ea8a5d-08 mark.kt-highlight, .wp-block-kadence-advancedheading.kt-adv-heading6226_ea8a5d-08[data-kb-block=\"kb-adv-heading6226_ea8a5d-08\"] mark.kt-highlight{font-style:normal;color:#f76a0c;-webkit-box-decoration-break:clone;box-decoration-break:clone;padding-top:0px;padding-right:0px;padding-bottom:0px;padding-left:0px;}.wp-block-kadence-advancedheading.kt-adv-heading6226_ea8a5d-08 img.kb-inline-image, .wp-block-kadence-advancedheading.kt-adv-heading6226_ea8a5d-08[data-kb-block=\"kb-adv-heading6226_ea8a5d-08\"] img.kb-inline-image{width:150px;vertical-align:baseline;}<\/style>\n<p class=\"kt-adv-heading6226_ea8a5d-08 wp-block-kadence-advancedheading\" data-kb-block=\"kb-adv-heading6226_ea8a5d-08\">Un dissipatore con base in grafite non sostituisce la struttura metallica: la potenzia. Grazie all\u2019elevata capacit\u00e0 di spreading termico, la grafite distribuisce il calore in modo pi\u00f9 uniforme, riduce gli hotspot e permette al dissipatore di lavorare pi\u00f9 vicino al suo rendimento teorico.<\/p>\n<\/div><\/div>\n\n<\/div><\/div>\n\n<style>.kb-row-layout-id6226_f4d446-0e > .kt-row-column-wrap{align-content:start;}:where(.kb-row-layout-id6226_f4d446-0e > .kt-row-column-wrap) > .wp-block-kadence-column{justify-content:start;}.kb-row-layout-id6226_f4d446-0e > .kt-row-column-wrap{column-gap:var(--global-kb-gap-md, 2rem);row-gap:var(--global-kb-gap-md, 2rem);max-width:var( --global-content-width, 1340px );padding-left:var(--global-content-edge-padding);padding-right:var(--global-content-edge-padding);padding-top:var(--global-kb-spacing-sm, 1.5rem);padding-bottom:var(--global-kb-spacing-lg, 3rem);grid-template-columns:minmax(0, 1fr);}.kb-row-layout-id6226_f4d446-0e > .kt-row-layout-overlay{opacity:0.30;}@media all and (max-width: 1024px){.kb-row-layout-id6226_f4d446-0e > .kt-row-column-wrap{grid-template-columns:minmax(0, 1fr);}}@media all and (max-width: 767px){.kb-row-layout-id6226_f4d446-0e > .kt-row-column-wrap{grid-template-columns:minmax(0, 1fr);}}<\/style><div class=\"kb-row-layout-wrap kb-row-layout-id6226_f4d446-0e alignnone wp-block-kadence-rowlayout\"><div class=\"kt-row-column-wrap kt-has-1-columns kt-row-layout-equal kt-tab-layout-inherit kt-mobile-layout-row kt-row-valign-top kb-theme-content-width\">\n<style>.kadence-column6226_414eb6-b1 > .kt-inside-inner-col,.kadence-column6226_414eb6-b1 > .kt-inside-inner-col:before{border-top-left-radius:0px;border-top-right-radius:0px;border-bottom-right-radius:0px;border-bottom-left-radius:0px;}.kadence-column6226_414eb6-b1 > .kt-inside-inner-col{column-gap:var(--global-kb-gap-sm, 1rem);}.kadence-column6226_414eb6-b1 > .kt-inside-inner-col{flex-direction:column;}.kadence-column6226_414eb6-b1 > .kt-inside-inner-col > .aligncenter{width:100%;}.kadence-column6226_414eb6-b1 > .kt-inside-inner-col:before{opacity:0.3;}.kadence-column6226_414eb6-b1{position:relative;}@media all and (max-width: 1024px){.kadence-column6226_414eb6-b1 > .kt-inside-inner-col{flex-direction:column;justify-content:center;}}@media all and (max-width: 767px){.kadence-column6226_414eb6-b1 > .kt-inside-inner-col{flex-direction:column;justify-content:center;}}<\/style>\n<div class=\"wp-block-kadence-column kadence-column6226_414eb6-b1\"><div class=\"kt-inside-inner-col\"><style>.wp-block-kadence-advancedheading.kt-adv-heading6226_b1b867-04, .wp-block-kadence-advancedheading.kt-adv-heading6226_b1b867-04[data-kb-block=\"kb-adv-heading6226_b1b867-04\"]{margin-bottom:var(--global-kb-spacing-xs, 1rem);text-align:left;line-height:1.5;font-style:normal;}.wp-block-kadence-advancedheading.kt-adv-heading6226_b1b867-04 mark.kt-highlight, .wp-block-kadence-advancedheading.kt-adv-heading6226_b1b867-04[data-kb-block=\"kb-adv-heading6226_b1b867-04\"] mark.kt-highlight{font-style:normal;color:#f76a0c;-webkit-box-decoration-break:clone;box-decoration-break:clone;padding-top:0px;padding-right:0px;padding-bottom:0px;padding-left:0px;}.wp-block-kadence-advancedheading.kt-adv-heading6226_b1b867-04 img.kb-inline-image, .wp-block-kadence-advancedheading.kt-adv-heading6226_b1b867-04[data-kb-block=\"kb-adv-heading6226_b1b867-04\"] img.kb-inline-image{width:150px;vertical-align:baseline;}@media all and (max-width: 1024px){.wp-block-kadence-advancedheading.kt-adv-heading6226_b1b867-04, .wp-block-kadence-advancedheading.kt-adv-heading6226_b1b867-04[data-kb-block=\"kb-adv-heading6226_b1b867-04\"]{text-align:left!important;}}@media all and (max-width: 767px){.wp-block-kadence-advancedheading.kt-adv-heading6226_b1b867-04, .wp-block-kadence-advancedheading.kt-adv-heading6226_b1b867-04[data-kb-block=\"kb-adv-heading6226_b1b867-04\"]{text-align:left!important;}}<\/style>\n<p class=\"kt-adv-heading6226_b1b867-04 wp-block-kadence-advancedheading\" data-kb-block=\"kb-adv-heading6226_b1b867-04\">Il risultato \u00e8 una riduzione della resistenza termica complessiva, una migliore gestione dei carichi dinamici e un significativo vantaggio peso-prestazioni rispetto al rame, soprattutto in applicazioni compatte o soggette a vibrazioni.<\/p>\n\n\n<style>.wp-block-kadence-advancedheading.kt-adv-heading6226_674df0-69, .wp-block-kadence-advancedheading.kt-adv-heading6226_674df0-69[data-kb-block=\"kb-adv-heading6226_674df0-69\"]{margin-bottom:var(--global-kb-spacing-xs, 1rem);text-align:left;line-height:1.5;font-style:normal;}.wp-block-kadence-advancedheading.kt-adv-heading6226_674df0-69 mark.kt-highlight, .wp-block-kadence-advancedheading.kt-adv-heading6226_674df0-69[data-kb-block=\"kb-adv-heading6226_674df0-69\"] mark.kt-highlight{font-style:normal;color:#f76a0c;-webkit-box-decoration-break:clone;box-decoration-break:clone;padding-top:0px;padding-right:0px;padding-bottom:0px;padding-left:0px;}.wp-block-kadence-advancedheading.kt-adv-heading6226_674df0-69 img.kb-inline-image, .wp-block-kadence-advancedheading.kt-adv-heading6226_674df0-69[data-kb-block=\"kb-adv-heading6226_674df0-69\"] img.kb-inline-image{width:150px;vertical-align:baseline;}@media all and (max-width: 1024px){.wp-block-kadence-advancedheading.kt-adv-heading6226_674df0-69, .wp-block-kadence-advancedheading.kt-adv-heading6226_674df0-69[data-kb-block=\"kb-adv-heading6226_674df0-69\"]{text-align:left!important;}}@media all and (max-width: 767px){.wp-block-kadence-advancedheading.kt-adv-heading6226_674df0-69, .wp-block-kadence-advancedheading.kt-adv-heading6226_674df0-69[data-kb-block=\"kb-adv-heading6226_674df0-69\"]{text-align:left!important;}}<\/style>\n<p class=\"kt-adv-heading6226_674df0-69 wp-block-kadence-advancedheading\" data-kb-block=\"kb-adv-heading6226_674df0-69\">Dai laptop ai data center, dall\u2019automotive ai sistemi industriali ad alta potenza, la base in grafite diventa un abilitatore tecnologico: migliora l\u2019affidabilit\u00e0, ottimizza l\u2019efficienza energetica e valorizza l\u2019intero progetto termico.<\/p>\n\n\n<style>.wp-block-kadence-advancedheading.kt-adv-heading6226_1b9e1c-31, .wp-block-kadence-advancedheading.kt-adv-heading6226_1b9e1c-31[data-kb-block=\"kb-adv-heading6226_1b9e1c-31\"]{margin-bottom:var(--global-kb-spacing-xs, 1rem);text-align:left;line-height:1.5;font-style:normal;}.wp-block-kadence-advancedheading.kt-adv-heading6226_1b9e1c-31 mark.kt-highlight, .wp-block-kadence-advancedheading.kt-adv-heading6226_1b9e1c-31[data-kb-block=\"kb-adv-heading6226_1b9e1c-31\"] mark.kt-highlight{font-style:normal;color:#f76a0c;-webkit-box-decoration-break:clone;box-decoration-break:clone;padding-top:0px;padding-right:0px;padding-bottom:0px;padding-left:0px;}.wp-block-kadence-advancedheading.kt-adv-heading6226_1b9e1c-31 img.kb-inline-image, .wp-block-kadence-advancedheading.kt-adv-heading6226_1b9e1c-31[data-kb-block=\"kb-adv-heading6226_1b9e1c-31\"] img.kb-inline-image{width:150px;vertical-align:baseline;}@media all and (max-width: 1024px){.wp-block-kadence-advancedheading.kt-adv-heading6226_1b9e1c-31, .wp-block-kadence-advancedheading.kt-adv-heading6226_1b9e1c-31[data-kb-block=\"kb-adv-heading6226_1b9e1c-31\"]{text-align:left!important;}}@media all and (max-width: 767px){.wp-block-kadence-advancedheading.kt-adv-heading6226_1b9e1c-31, .wp-block-kadence-advancedheading.kt-adv-heading6226_1b9e1c-31[data-kb-block=\"kb-adv-heading6226_1b9e1c-31\"]{text-align:left!important;}}<\/style>\n<p class=\"kt-adv-heading6226_1b9e1c-31 wp-block-kadence-advancedheading\" data-kb-block=\"kb-adv-heading6226_1b9e1c-31\">Non \u00e8 una scelta orientata al prezzo, ma alla performance e alla differenziazione. Nei dissipatori high-performance e nei mercati pi\u00f9 esigenti, la grafite rappresenta una soluzione premium ad alto valore tecnologico.<\/p>\n<\/div><\/div>\n\n<\/div><\/div>","protected":false},"excerpt":{"rendered":"<p>Dissipatore in grafite GraphiTherm Il mondo dei data center richiede performance sempre maggiori. Per questo MG Italy ha pensato a GraphiTherm-, il dissipatore in grafite. Oggi l\u2019efficienza di un dissipatore non dipende solo dalle alette o dalle heat pipe, ma da come il calore viene distribuito alla base. \u00c8 qui che entra in gioco la&#8230;<\/p>","protected":false},"author":1,"featured_media":0,"parent":4444,"menu_order":0,"comment_status":"closed","ping_status":"closed","template":"","meta":{"_kadence_starter_templates_imported_post":true,"_kad_post_transparent":"","_kad_post_title":"hide","_kad_post_layout":"fullwidth","_kad_post_sidebar_id":"","_kad_post_content_style":"unboxed","_kad_post_vertical_padding":"hide","_kad_post_feature":"hide","_kad_post_feature_position":"","_kad_post_header":false,"_kad_post_footer":false,"_kad_post_classname":"","footnotes":""},"class_list":["post-6226","page","type-page","status-publish","hentry"],"_links":{"self":[{"href":"https:\/\/mgitaly.it\/en\/wp-json\/wp\/v2\/pages\/6226","targetHints":{"allow":["GET"]}}],"collection":[{"href":"https:\/\/mgitaly.it\/en\/wp-json\/wp\/v2\/pages"}],"about":[{"href":"https:\/\/mgitaly.it\/en\/wp-json\/wp\/v2\/types\/page"}],"author":[{"embeddable":true,"href":"https:\/\/mgitaly.it\/en\/wp-json\/wp\/v2\/users\/1"}],"replies":[{"embeddable":true,"href":"https:\/\/mgitaly.it\/en\/wp-json\/wp\/v2\/comments?post=6226"}],"version-history":[{"count":5,"href":"https:\/\/mgitaly.it\/en\/wp-json\/wp\/v2\/pages\/6226\/revisions"}],"predecessor-version":[{"id":6234,"href":"https:\/\/mgitaly.it\/en\/wp-json\/wp\/v2\/pages\/6226\/revisions\/6234"}],"up":[{"embeddable":true,"href":"https:\/\/mgitaly.it\/en\/wp-json\/wp\/v2\/pages\/4444"}],"wp:attachment":[{"href":"https:\/\/mgitaly.it\/en\/wp-json\/wp\/v2\/media?parent=6226"}],"curies":[{"name":"wp","href":"https:\/\/api.w.org\/{rel}","templated":true}]}}