{"id":4047,"date":"2025-04-30T08:07:11","date_gmt":"2025-04-30T08:07:11","guid":{"rendered":"https:\/\/mgitaly.it\/?page_id=4047"},"modified":"2025-05-02T05:18:18","modified_gmt":"2025-05-02T05:18:18","slug":"catalogo","status":"publish","type":"page","link":"https:\/\/mgitaly.it\/en\/catalogo\/","title":{"rendered":"Catalog"},"content":{"rendered":"<style>.kb-row-layout-id4047_72b370-ef > .kt-row-column-wrap{align-content:start;}:where(.kb-row-layout-id4047_72b370-ef > .kt-row-column-wrap) > .wp-block-kadence-column{justify-content:start;}.kb-row-layout-id4047_72b370-ef > .kt-row-column-wrap{column-gap:var(--global-kb-gap-md, 2rem);row-gap:var(--global-kb-gap-md, 2rem);max-width:var( --global-content-width, 1340px );padding-left:var(--global-content-edge-padding);padding-right:var(--global-content-edge-padding);padding-top:180px;padding-bottom:60px;grid-template-columns:minmax(0, 1fr);}.kb-row-layout-id4047_72b370-ef > .kt-row-layout-overlay{opacity:0.20;background-image:url('https:\/\/mgitaly.it\/wp-content\/uploads\/2025\/03\/professional-technician-engineer-with-safety-helmet.jpg');background-size:cover;background-position:51% 55.00000000000001%;background-attachment:scroll;background-repeat:no-repeat;mix-blend-mode:normal;}@media all and (max-width: 1024px){.kb-row-layout-id4047_72b370-ef > .kt-row-column-wrap{padding-top:160px;padding-bottom:40px;grid-template-columns:minmax(0, 1fr);}}@media all and (max-width: 767px){.kb-row-layout-id4047_72b370-ef > .kt-row-column-wrap{padding-top:160px;padding-right:20px;padding-bottom:50px;padding-left:20px;grid-template-columns:minmax(0, 1fr);}}<\/style><div class=\"kb-row-layout-wrap kb-row-layout-id4047_72b370-ef alignnone has-theme-palette3-background-color kt-row-has-bg wp-block-kadence-rowlayout\"><div class=\"kt-row-layout-overlay kt-row-overlay-normal\"><\/div><div class=\"kt-row-column-wrap kt-has-1-columns kt-row-layout-equal kt-tab-layout-inherit kt-mobile-layout-row kt-row-valign-top kb-theme-content-width\">\n<style>.kadence-column4047_7d9093-10 > .kt-inside-inner-col,.kadence-column4047_7d9093-10 > .kt-inside-inner-col:before{border-top-left-radius:0px;border-top-right-radius:0px;border-bottom-right-radius:0px;border-bottom-left-radius:0px;}.kadence-column4047_7d9093-10 > .kt-inside-inner-col{column-gap:var(--global-kb-gap-sm, 1rem);}.kadence-column4047_7d9093-10 > .kt-inside-inner-col{flex-direction:column;}.kadence-column4047_7d9093-10 > .kt-inside-inner-col > .aligncenter{width:100%;}.kadence-column4047_7d9093-10 > .kt-inside-inner-col:before{opacity:0.3;}.kadence-column4047_7d9093-10{position:relative;}@media all and (max-width: 1024px){.kadence-column4047_7d9093-10 > .kt-inside-inner-col{padding-top:0px;padding-right:0px;padding-bottom:0px;padding-left:0px;flex-direction:column;justify-content:center;}}@media all and (max-width: 767px){.kadence-column4047_7d9093-10 > .kt-inside-inner-col{flex-direction:column;justify-content:center;}}<\/style>\n<div class=\"wp-block-kadence-column kadence-column4047_7d9093-10 inner-column-1\"><div class=\"kt-inside-inner-col\"><style>.kb-row-layout-id4047_b68bd2-67 > .kt-row-column-wrap{align-content:start;}:where(.kb-row-layout-id4047_b68bd2-67 > .kt-row-column-wrap) > .wp-block-kadence-column{justify-content:start;}.kb-row-layout-id4047_b68bd2-67 > .kt-row-column-wrap{column-gap:var(--global-kb-gap-md, 2rem);row-gap:var(--global-kb-gap-md, 2rem);max-width:850px;margin-left:auto;margin-right:auto;padding-top:0px;padding-bottom:0px;grid-template-columns:minmax(0, 1fr);}.kb-row-layout-id4047_b68bd2-67 > .kt-row-layout-overlay{opacity:0.30;}@media all and (max-width: 1024px){.kb-row-layout-id4047_b68bd2-67 > .kt-row-column-wrap{padding-top:0px;padding-right:0px;padding-bottom:0px;padding-left:0px;grid-template-columns:minmax(0, 1fr);}}@media all and (max-width: 767px){.kb-row-layout-id4047_b68bd2-67 > .kt-row-column-wrap{grid-template-columns:minmax(0, 1fr);}}<\/style><div class=\"kb-row-layout-wrap kb-row-layout-id4047_b68bd2-67 alignnone wp-block-kadence-rowlayout\"><div class=\"kt-row-column-wrap kt-has-1-columns kt-row-layout-equal kt-tab-layout-inherit kt-mobile-layout-row kt-row-valign-top\">\n<style>.kadence-column4047_4a7941-78 > .kt-inside-inner-col{padding-right:40px;padding-left:40px;}.kadence-column4047_4a7941-78 > .kt-inside-inner-col,.kadence-column4047_4a7941-78 > .kt-inside-inner-col:before{border-top-left-radius:0px;border-top-right-radius:0px;border-bottom-right-radius:0px;border-bottom-left-radius:0px;}.kadence-column4047_4a7941-78 > .kt-inside-inner-col{column-gap:var(--global-kb-gap-sm, 1rem);}.kadence-column4047_4a7941-78 > .kt-inside-inner-col{flex-direction:column;}.kadence-column4047_4a7941-78 > .kt-inside-inner-col > .aligncenter{width:100%;}.kadence-column4047_4a7941-78 > .kt-inside-inner-col:before{opacity:0.3;}.kadence-column4047_4a7941-78{position:relative;}@media all and (max-width: 1024px){.kadence-column4047_4a7941-78 > .kt-inside-inner-col{flex-direction:column;justify-content:center;}}@media all and (max-width: 767px){.kadence-column4047_4a7941-78 > .kt-inside-inner-col{padding-right:0px;padding-left:0px;flex-direction:column;justify-content:center;}}<\/style>\n<div class=\"wp-block-kadence-column kadence-column4047_4a7941-78 inner-column-1\"><div class=\"kt-inside-inner-col\"><style>.wp-block-kadence-advancedheading.kt-adv-heading4047_b8248d-28, .wp-block-kadence-advancedheading.kt-adv-heading4047_b8248d-28[data-kb-block=\"kb-adv-heading4047_b8248d-28\"]{padding-top:0px;padding-right:0px;padding-bottom:0px;padding-left:0px;margin-top:0px;margin-right:0px;margin-bottom:0px;margin-left:0px;text-align:center;font-style:normal;text-transform:capitalize;}.wp-block-kadence-advancedheading.kt-adv-heading4047_b8248d-28 mark.kt-highlight, .wp-block-kadence-advancedheading.kt-adv-heading4047_b8248d-28[data-kb-block=\"kb-adv-heading4047_b8248d-28\"] mark.kt-highlight{font-style:normal;color:#f76a0c;-webkit-box-decoration-break:clone;box-decoration-break:clone;padding-top:0px;padding-right:0px;padding-bottom:0px;padding-left:0px;}.wp-block-kadence-advancedheading.kt-adv-heading4047_b8248d-28 img.kb-inline-image, .wp-block-kadence-advancedheading.kt-adv-heading4047_b8248d-28[data-kb-block=\"kb-adv-heading4047_b8248d-28\"] img.kb-inline-image{width:150px;vertical-align:baseline;}@media all and (max-width: 1024px){.wp-block-kadence-advancedheading.kt-adv-heading4047_b8248d-28, .wp-block-kadence-advancedheading.kt-adv-heading4047_b8248d-28[data-kb-block=\"kb-adv-heading4047_b8248d-28\"]{font-size:var(--global-kb-font-size-xl, 3rem);}}<\/style>\n<h1 class=\"kt-adv-heading4047_b8248d-28 wp-block-kadence-advancedheading has-theme-palette-9-color has-text-color\" data-kb-block=\"kb-adv-heading4047_b8248d-28\">Catalogo<\/h1>\n<\/div><\/div>\n\n<\/div><\/div><\/div><\/div>\n\n<\/div><\/div>\n\n<style>.kb-row-layout-id4047_990047-d9 > .kt-row-column-wrap{align-content:start;}:where(.kb-row-layout-id4047_990047-d9 > .kt-row-column-wrap) > .wp-block-kadence-column{justify-content:start;}.kb-row-layout-id4047_990047-d9 > .kt-row-column-wrap{column-gap:var(--global-kb-gap-md, 2rem);row-gap:var(--global-kb-gap-md, 2rem);max-width:var( --global-content-width, 1340px );padding-left:var(--global-content-edge-padding);padding-right:var(--global-content-edge-padding);padding-top:var(--global-kb-spacing-xl, 4rem);padding-bottom:var(--global-kb-spacing-3xl, 6.5rem);grid-template-columns:repeat(2, minmax(0, 1fr));}.kb-row-layout-id4047_990047-d9 > .kt-row-layout-overlay{opacity:0.30;}@media all and (max-width: 1024px){.kb-row-layout-id4047_990047-d9 > .kt-row-column-wrap{grid-template-columns:repeat(2, minmax(0, 1fr));}}@media all and (max-width: 767px){.kb-row-layout-id4047_990047-d9 > .kt-row-column-wrap{padding-top:var(--global-kb-spacing-lg, 3rem);padding-bottom:var(--global-kb-spacing-xl, 4rem);grid-template-columns:minmax(0, 1fr);}}<\/style><div class=\"kb-row-layout-wrap kb-row-layout-id4047_990047-d9 alignnone wp-block-kadence-rowlayout\"><div class=\"kt-row-column-wrap kt-has-2-columns kt-row-layout-equal kt-tab-layout-inherit kt-mobile-layout-row kt-row-valign-top kb-theme-content-width\">\n<style>.kadence-column4047_44f95a-09 > .kt-inside-inner-col,.kadence-column4047_44f95a-09 > .kt-inside-inner-col:before{border-top-left-radius:0px;border-top-right-radius:0px;border-bottom-right-radius:0px;border-bottom-left-radius:0px;}.kadence-column4047_44f95a-09 > .kt-inside-inner-col{column-gap:var(--global-kb-gap-sm, 1rem);}.kadence-column4047_44f95a-09 > .kt-inside-inner-col{flex-direction:column;}.kadence-column4047_44f95a-09 > .kt-inside-inner-col > .aligncenter{width:100%;}.kadence-column4047_44f95a-09 > .kt-inside-inner-col:before{opacity:0.3;}.kadence-column4047_44f95a-09{position:relative;}@media all and (max-width: 1024px){.kadence-column4047_44f95a-09 > .kt-inside-inner-col{flex-direction:column;justify-content:center;}}@media all and (max-width: 767px){.kadence-column4047_44f95a-09 > .kt-inside-inner-col{flex-direction:column;justify-content:center;}}<\/style>\n<div class=\"wp-block-kadence-column kadence-column4047_44f95a-09\"><div class=\"kt-inside-inner-col\"><style>.wp-block-kadence-image.kb-image4047_0238ec-68:not(.kb-specificity-added):not(.kb-extra-specificity-added){margin-bottom:0px;}.kb-image4047_0238ec-68 .kb-image-has-overlay:after{opacity:0.3;border-top-left-radius:6px;border-top-right-radius:6px;border-bottom-right-radius:6px;border-bottom-left-radius:6px;}.kb-image4047_0238ec-68 img.kb-img, .kb-image4047_0238ec-68 .kb-img img{border-top-left-radius:6px;border-top-right-radius:6px;border-bottom-right-radius:6px;border-bottom-left-radius:6px;object-position:51% 100%;}<\/style>\n<figure class=\"wp-block-kadence-image kb-image4047_0238ec-68 kb-image-is-ratio-size\"><div class=\"kb-is-ratio-image kb-image-ratio-land31\"><img loading=\"lazy\" decoding=\"async\" width=\"847\" height=\"301\" src=\"https:\/\/mgitaly.it\/wp-content\/uploads\/2025\/04\/Catalogo-1.png\" alt=\"\" class=\"kb-img wp-image-4055\" srcset=\"https:\/\/mgitaly.it\/wp-content\/uploads\/2025\/04\/Catalogo-1.png 847w, https:\/\/mgitaly.it\/wp-content\/uploads\/2025\/04\/Catalogo-1-300x107.png 300w, https:\/\/mgitaly.it\/wp-content\/uploads\/2025\/04\/Catalogo-1-768x273.png 768w, https:\/\/mgitaly.it\/wp-content\/uploads\/2025\/04\/Catalogo-1-18x6.png 18w, https:\/\/mgitaly.it\/wp-content\/uploads\/2025\/04\/Catalogo-1-640x227.png 640w\" sizes=\"auto, (max-width: 847px) 100vw, 847px\" \/><\/div><\/figure>\n\n\n<style>.kb-row-layout-id4047_f1866f-88 > .kt-row-column-wrap{align-content:start;}:where(.kb-row-layout-id4047_f1866f-88 > .kt-row-column-wrap) > .wp-block-kadence-column{justify-content:start;}.kb-row-layout-id4047_f1866f-88 > .kt-row-column-wrap{column-gap:var(--global-kb-gap-sm, 1rem);row-gap:var(--global-kb-gap-sm, 1rem);padding-top:var(--global-kb-spacing-xs, 1rem);grid-template-columns:minmax(0, calc(60% - ((var(--global-kb-gap-sm, 1rem) * 1 )\/2)))minmax(0, calc(40% - ((var(--global-kb-gap-sm, 1rem) * 1 )\/2)));}.kb-row-layout-id4047_f1866f-88 > .kt-row-layout-overlay{opacity:0.30;}@media all and (max-width: 1024px){.kb-row-layout-id4047_f1866f-88 > .kt-row-column-wrap{grid-template-columns:repeat(2, minmax(0, 1fr));}}@media all and (max-width: 767px){.kb-row-layout-id4047_f1866f-88 > .kt-row-column-wrap{grid-template-columns:minmax(0, 1fr) minmax(0, 2fr);}}<\/style><div class=\"kb-row-layout-wrap kb-row-layout-id4047_f1866f-88 alignnone wp-block-kadence-rowlayout\"><div class=\"kt-row-column-wrap kt-has-2-columns kt-row-layout-equal kt-tab-layout-inherit kt-mobile-layout-right-golden kt-row-valign-top kt-inner-column-height-full\">\n<style>.kadence-column4047_f30f78-1f > .kt-inside-inner-col{display:flex;}.kadence-column4047_f30f78-1f > .kt-inside-inner-col{border-top:0px solid var(--global-palette8, #F7FAFC);border-right:0px solid var(--global-palette8, #F7FAFC);border-bottom:0px solid var(--global-palette8, #F7FAFC);border-left:0px solid var(--global-palette8, #F7FAFC);}.kadence-column4047_f30f78-1f > .kt-inside-inner-col,.kadence-column4047_f30f78-1f > .kt-inside-inner-col:before{border-top-left-radius:0px;border-top-right-radius:0px;border-bottom-right-radius:0px;border-bottom-left-radius:0px;}.kadence-column4047_f30f78-1f > .kt-inside-inner-col{column-gap:var(--global-kb-gap-sm, 1rem);}.kadence-column4047_f30f78-1f > .kt-inside-inner-col{flex-direction:column;justify-content:center;}.kadence-column4047_f30f78-1f > .kt-inside-inner-col > .aligncenter{width:100%;}.kt-row-column-wrap > .kadence-column4047_f30f78-1f{align-self:center;}.kt-inner-column-height-full:not(.kt-has-1-columns) > .wp-block-kadence-column.kadence-column4047_f30f78-1f{align-self:auto;}.kt-inner-column-height-full:not(.kt-has-1-columns) > .wp-block-kadence-column.kadence-column4047_f30f78-1f > .kt-inside-inner-col{flex-direction:column;justify-content:center;}.kadence-column4047_f30f78-1f > .kt-inside-inner-col:before{opacity:0.3;}.kadence-column4047_f30f78-1f{position:relative;}@media all and (max-width: 1024px){.kadence-column4047_f30f78-1f > .kt-inside-inner-col{border-top:0px solid var(--global-palette8, #F7FAFC);border-right:0px solid var(--global-palette8, #F7FAFC);border-bottom:0px solid var(--global-palette8, #F7FAFC);border-left:0px solid var(--global-palette8, #F7FAFC);flex-direction:column;justify-content:center;}}@media all and (max-width: 1024px){.kt-row-column-wrap > .kadence-column4047_f30f78-1f{align-self:center;}}@media all and (max-width: 1024px){.kt-inner-column-height-full:not(.kt-has-1-columns) > .wp-block-kadence-column.kadence-column4047_f30f78-1f{align-self:auto;}}@media all and (max-width: 1024px){.kt-inner-column-height-full:not(.kt-has-1-columns) > .wp-block-kadence-column.kadence-column4047_f30f78-1f > .kt-inside-inner-col{flex-direction:column;justify-content:center;}}@media all and (max-width: 767px){.kadence-column4047_f30f78-1f > .kt-inside-inner-col{border-top:0px solid var(--global-palette8, #F7FAFC);border-right:0px solid var(--global-palette8, #F7FAFC);border-bottom:0px solid var(--global-palette8, #F7FAFC);border-left:0px solid var(--global-palette8, #F7FAFC);flex-direction:column;justify-content:center;}.kt-row-column-wrap > .kadence-column4047_f30f78-1f{align-self:center;}.kt-inner-column-height-full:not(.kt-has-1-columns) > .wp-block-kadence-column.kadence-column4047_f30f78-1f{align-self:auto;}.kt-inner-column-height-full:not(.kt-has-1-columns) > .wp-block-kadence-column.kadence-column4047_f30f78-1f > .kt-inside-inner-col{flex-direction:column;justify-content:center;}}<\/style>\n<div class=\"wp-block-kadence-column kadence-column4047_f30f78-1f kb-section-dir-vertical\"><div class=\"kt-inside-inner-col\"><style>.wp-block-kadence-advancedheading.kt-adv-heading4047_f187c5-ed, .wp-block-kadence-advancedheading.kt-adv-heading4047_f187c5-ed[data-kb-block=\"kb-adv-heading4047_f187c5-ed\"]{margin-top:0px;text-align:left;font-style:normal;}.wp-block-kadence-advancedheading.kt-adv-heading4047_f187c5-ed mark.kt-highlight, .wp-block-kadence-advancedheading.kt-adv-heading4047_f187c5-ed[data-kb-block=\"kb-adv-heading4047_f187c5-ed\"] mark.kt-highlight{font-style:normal;color:#f76a0c;-webkit-box-decoration-break:clone;box-decoration-break:clone;padding-top:0px;padding-right:0px;padding-bottom:0px;padding-left:0px;}.wp-block-kadence-advancedheading.kt-adv-heading4047_f187c5-ed img.kb-inline-image, .wp-block-kadence-advancedheading.kt-adv-heading4047_f187c5-ed[data-kb-block=\"kb-adv-heading4047_f187c5-ed\"] img.kb-inline-image{width:150px;vertical-align:baseline;}@media all and (max-width: 767px){.wp-block-kadence-advancedheading.kt-adv-heading4047_f187c5-ed, .wp-block-kadence-advancedheading.kt-adv-heading4047_f187c5-ed[data-kb-block=\"kb-adv-heading4047_f187c5-ed\"]{font-size:22px;}}<\/style>\n<h4 class=\"kt-adv-heading4047_f187c5-ed wp-block-kadence-advancedheading\" data-kb-block=\"kb-adv-heading4047_f187c5-ed\">Catalogo<\/h4>\n<\/div><\/div>\n\n\n<style>.kadence-column4047_b81b8c-3c > .kt-inside-inner-col,.kadence-column4047_b81b8c-3c > .kt-inside-inner-col:before{border-top-left-radius:0px;border-top-right-radius:0px;border-bottom-right-radius:0px;border-bottom-left-radius:0px;}.kadence-column4047_b81b8c-3c > .kt-inside-inner-col{column-gap:var(--global-kb-gap-sm, 1rem);}.kadence-column4047_b81b8c-3c > .kt-inside-inner-col{flex-direction:column;}.kadence-column4047_b81b8c-3c > .kt-inside-inner-col > .aligncenter{width:100%;}.kadence-column4047_b81b8c-3c > .kt-inside-inner-col:before{opacity:0.3;}.kadence-column4047_b81b8c-3c{position:relative;}@media all and (max-width: 1024px){.kadence-column4047_b81b8c-3c > .kt-inside-inner-col{flex-direction:column;justify-content:center;}}@media all and (max-width: 767px){.kadence-column4047_b81b8c-3c > .kt-inside-inner-col{flex-direction:column;justify-content:center;}}<\/style>\n<div class=\"wp-block-kadence-column kadence-column4047_b81b8c-3c\"><div class=\"kt-inside-inner-col\"><style>.wp-block-kadence-advancedbtn.kb-btns4047_6e65a5-61{gap:var(--global-kb-gap-xs, 0.5rem );justify-content:flex-end;align-items:center;}.kt-btns4047_6e65a5-61 .kt-button{font-weight:normal;font-style:normal;}.kt-btns4047_6e65a5-61 .kt-btn-wrap-0{margin-right:5px;}.wp-block-kadence-advancedbtn.kt-btns4047_6e65a5-61 .kt-btn-wrap-0 .kt-button{color:#555555;border-color:#555555;}.wp-block-kadence-advancedbtn.kt-btns4047_6e65a5-61 .kt-btn-wrap-0 .kt-button:hover, .wp-block-kadence-advancedbtn.kt-btns4047_6e65a5-61 .kt-btn-wrap-0 .kt-button:focus{color:#ffffff;border-color:#444444;}.wp-block-kadence-advancedbtn.kt-btns4047_6e65a5-61 .kt-btn-wrap-0 .kt-button::before{display:none;}.wp-block-kadence-advancedbtn.kt-btns4047_6e65a5-61 .kt-btn-wrap-0 .kt-button:hover, .wp-block-kadence-advancedbtn.kt-btns4047_6e65a5-61 .kt-btn-wrap-0 .kt-button:focus{background:#444444;}<\/style>\n<div class=\"wp-block-kadence-advancedbtn kb-buttons-wrap kb-btns4047_6e65a5-61\"><style>ul.menu .wp-block-kadence-advancedbtn .kb-btn4047_c13624-d7.kb-button{width:initial;}.kb-btn4047_c13624-d7.kb-button .kb-svg-icon-wrap{font-size:22px;--kb-button-icon-size:22px;}<\/style><a class=\"kb-button kt-button button kb-btn4047_c13624-d7 kt-btn-size-standard kt-btn-width-type-auto kb-btn-global-inherit  kt-btn-has-text-true kt-btn-has-svg-true  wp-block-button__link wp-block-kadence-singlebtn\" href=\"https:\/\/mgitaly.it\/wp-content\/uploads\/2025\/04\/MGitaly-2025-IT-22b.pdf\" download=\"\"><span class=\"kb-svg-icon-wrap kb-svg-icon-fe_downloadCloud kt-btn-icon-side-left\"><svg viewBox=\"0 0 24 24\"  fill=\"none\" stroke=\"currentColor\" stroke-width=\"2\" stroke-linecap=\"round\" stroke-linejoin=\"round\" xmlns=\"http:\/\/www.w3.org\/2000\/svg\"  aria-hidden=\"true\"><polyline points=\"8 17 12 21 16 17\"\/><line x1=\"12\" y1=\"12\" x2=\"12\" y2=\"21\"\/><path d=\"M20.88 18.09A5 5 0 0 0 18 9h-1.26A8 8 0 1 0 3 16.29\"\/><\/svg><\/span><span class=\"kt-btn-inner-text\">Download<\/span><\/a><\/div>\n<\/div><\/div>\n\n<\/div><\/div><\/div><\/div>\n\n\n<style>.kadence-column4047_a3c01f-a6 > .kt-inside-inner-col,.kadence-column4047_a3c01f-a6 > .kt-inside-inner-col:before{border-top-left-radius:0px;border-top-right-radius:0px;border-bottom-right-radius:0px;border-bottom-left-radius:0px;}.kadence-column4047_a3c01f-a6 > .kt-inside-inner-col{column-gap:var(--global-kb-gap-sm, 1rem);}.kadence-column4047_a3c01f-a6 > .kt-inside-inner-col{flex-direction:column;}.kadence-column4047_a3c01f-a6 > .kt-inside-inner-col > .aligncenter{width:100%;}.kadence-column4047_a3c01f-a6 > .kt-inside-inner-col:before{opacity:0.3;}.kadence-column4047_a3c01f-a6{position:relative;}@media all and (max-width: 1024px){.kadence-column4047_a3c01f-a6 > .kt-inside-inner-col{flex-direction:column;justify-content:center;}}@media all and (max-width: 767px){.kadence-column4047_a3c01f-a6 > .kt-inside-inner-col{flex-direction:column;justify-content:center;}}<\/style>\n<div class=\"wp-block-kadence-column kadence-column4047_a3c01f-a6\"><div class=\"kt-inside-inner-col\"><style>.wp-block-kadence-advancedheading.kt-adv-heading4047_1683dc-74, .wp-block-kadence-advancedheading.kt-adv-heading4047_1683dc-74[data-kb-block=\"kb-adv-heading4047_1683dc-74\"]{margin-bottom:var(--global-kb-spacing-xs, 1rem);font-style:normal;text-transform:none;}.wp-block-kadence-advancedheading.kt-adv-heading4047_1683dc-74 mark.kt-highlight, .wp-block-kadence-advancedheading.kt-adv-heading4047_1683dc-74[data-kb-block=\"kb-adv-heading4047_1683dc-74\"] mark.kt-highlight{font-style:normal;color:#f76a0c;-webkit-box-decoration-break:clone;box-decoration-break:clone;padding-top:0px;padding-right:0px;padding-bottom:0px;padding-left:0px;}.wp-block-kadence-advancedheading.kt-adv-heading4047_1683dc-74 img.kb-inline-image, .wp-block-kadence-advancedheading.kt-adv-heading4047_1683dc-74[data-kb-block=\"kb-adv-heading4047_1683dc-74\"] img.kb-inline-image{width:150px;vertical-align:baseline;}@media all and (max-width: 767px){.wp-block-kadence-advancedheading.kt-adv-heading4047_1683dc-74, .wp-block-kadence-advancedheading.kt-adv-heading4047_1683dc-74[data-kb-block=\"kb-adv-heading4047_1683dc-74\"]{font-size:20px;}}<\/style>\n<h5 class=\"kt-adv-heading4047_1683dc-74 wp-block-kadence-advancedheading\" data-kb-block=\"kb-adv-heading4047_1683dc-74\"><strong>La concorrenza non \u00e8 fra ci\u00f2 che le imprese producono, ma fra ci\u00f2 che sono in grado di aggiungere al prodotto.<\/strong><\/h5>\n\n\n<style>.wp-block-kadence-advancedheading.kt-adv-heading4047_6e7660-cb, .wp-block-kadence-advancedheading.kt-adv-heading4047_6e7660-cb[data-kb-block=\"kb-adv-heading4047_6e7660-cb\"]{font-style:normal;}.wp-block-kadence-advancedheading.kt-adv-heading4047_6e7660-cb mark.kt-highlight, .wp-block-kadence-advancedheading.kt-adv-heading4047_6e7660-cb[data-kb-block=\"kb-adv-heading4047_6e7660-cb\"] mark.kt-highlight{font-style:normal;color:#f76a0c;-webkit-box-decoration-break:clone;box-decoration-break:clone;padding-top:0px;padding-right:0px;padding-bottom:0px;padding-left:0px;}.wp-block-kadence-advancedheading.kt-adv-heading4047_6e7660-cb img.kb-inline-image, .wp-block-kadence-advancedheading.kt-adv-heading4047_6e7660-cb[data-kb-block=\"kb-adv-heading4047_6e7660-cb\"] img.kb-inline-image{width:150px;vertical-align:baseline;}<\/style>\n<p class=\"kt-adv-heading4047_6e7660-cb wp-block-kadence-advancedheading\" data-kb-block=\"kb-adv-heading4047_6e7660-cb\">Gruppo leader nelle lavorazioni meccaniche e automazione a livello mondiale. Nel corso degli anni, il nostro gruppo \u00e8 rimasto pienamente impegnato ad essere un produttore di primo livello nelle lavorazioni meccaniche di alta precisione e nei componenti elettromeccanici di alta qualit\u00e0.<\/p>\n<\/div><\/div>\n\n<\/div><\/div>","protected":false},"excerpt":{"rendered":"<p>Catalogo Catalogo La concorrenza non \u00e8 fra ci\u00f2 che le imprese producono, ma fra ci\u00f2 che sono in grado di aggiungere al prodotto. Gruppo leader nelle lavorazioni meccaniche e automazione a livello mondiale. Nel corso degli anni, il nostro gruppo \u00e8 rimasto pienamente impegnato ad essere un produttore di primo livello nelle lavorazioni meccaniche di&#8230;<\/p>","protected":false},"author":1,"featured_media":0,"parent":0,"menu_order":0,"comment_status":"closed","ping_status":"closed","template":"","meta":{"_kadence_starter_templates_imported_post":true,"_kad_post_transparent":"","_kad_post_title":"hide","_kad_post_layout":"fullwidth","_kad_post_sidebar_id":"","_kad_post_content_style":"unboxed","_kad_post_vertical_padding":"hide","_kad_post_feature":"hide","_kad_post_feature_position":"","_kad_post_header":false,"_kad_post_footer":false,"_kad_post_classname":"","footnotes":""},"class_list":["post-4047","page","type-page","status-publish","hentry"],"_links":{"self":[{"href":"https:\/\/mgitaly.it\/en\/wp-json\/wp\/v2\/pages\/4047","targetHints":{"allow":["GET"]}}],"collection":[{"href":"https:\/\/mgitaly.it\/en\/wp-json\/wp\/v2\/pages"}],"about":[{"href":"https:\/\/mgitaly.it\/en\/wp-json\/wp\/v2\/types\/page"}],"author":[{"embeddable":true,"href":"https:\/\/mgitaly.it\/en\/wp-json\/wp\/v2\/users\/1"}],"replies":[{"embeddable":true,"href":"https:\/\/mgitaly.it\/en\/wp-json\/wp\/v2\/comments?post=4047"}],"version-history":[{"count":18,"href":"https:\/\/mgitaly.it\/en\/wp-json\/wp\/v2\/pages\/4047\/revisions"}],"predecessor-version":[{"id":4219,"href":"https:\/\/mgitaly.it\/en\/wp-json\/wp\/v2\/pages\/4047\/revisions\/4219"}],"wp:attachment":[{"href":"https:\/\/mgitaly.it\/en\/wp-json\/wp\/v2\/media?parent=4047"}],"curies":[{"name":"wp","href":"https:\/\/api.w.org\/{rel}","templated":true}]}}